{"id":89,"date":"2019-11-08T17:33:35","date_gmt":"2019-11-08T17:33:35","guid":{"rendered":"http:\/\/centroestudosqueseporques.pt\/wp\/?page_id=89"},"modified":"2021-06-12T23:18:33","modified_gmt":"2021-06-12T23:18:33","slug":"contactos","status":"publish","type":"page","link":"http:\/\/centroestudosqueseporques.pt\/wp\/?page_id=89","title":{"rendered":"Contactos"},"content":{"rendered":"\r\n<p class=\"has-medium-font-size\"><strong><font size=\"5\" color=\"black\">Contacte-nos<\/font><\/strong><\/p>\r\n\r\n\r\n\r\n<table class=\"wp-block-table has-fixed-layout is-style-stripes\">\r\n<tbody>\r\n<tr>\r\n<td><b><i>Nome:<\/i><\/b><br \/>Centro de Estudos &#8211;\u00a0Qu\u00eas &amp; Porqu\u00eas<p>\r\n<p><b><i>Morada:<\/i><\/b><br \/>Travessa do Outeiro, 25 &#8211; r\/c<br \/>4465-224 S\u00e3o Mamede Infesta<\/p>\r\n<p><b><i>E-Mail:<\/i><\/b><br \/>queseporques@gmail.com<\/p>\r\n<p><b><i>Telefone:<\/i><\/b><br \/>229 022 633<\/p>\r\n<p><b><i>Telem\u00f3vel:<\/i><\/b><br \/>933 364 960<\/p>\r\n<\/td>\r\n\r\n<!-- FORM N\u00c3O FUNCIONA, PORQU\u00ca ??? N\u00c3O ENVIA PARA QUESEPORQUES@GMAIL.COM\r\n<td>[wpforms id=\"181\" title=\"false\" description=\"false\"]<\/td>\r\n-->\r\n\r\n<\/tr>\r\n<\/tbody>\r\n<\/table>\r\n\r\n\r\n\r\n\r\n\r\n<div class=\"wp-block-spacer\" style=\"height: 32px;\" aria-hidden=\"true\">\u00a0<\/div>\r\n\r\n\r\n<hr class=\"wp-block-separator\" \/>\r\n\r\n\r\n<div class=\"wp-block-spacer\" style=\"height: 36px;\" aria-hidden=\"true\">\u00a0<\/div>\r\n\r\n\r\n\r\n<p class=\"has-medium-font-size\"><strong>Localiza\u00e7\u00e3o<\/strong><\/p>\r\n\r\n\r\n\r\n<p style=\"text-align: center;\"><span style=\"color: #000000; font-size: x-large;\">Qu\u00eas e Porqu\u00eas \u00e9 um Centro de Estudos localizado em S. Mamede de Infesta, mesmo ao lado da Escola EB 2,3 Manuela de S\u00e1 e 100m da Escola\u00a0 Secund\u00e1ria Abel Salazar.<\/span><\/p>\r\n\r\n\r\n<center>\r\n<div class=\"mapouter\">\r\n<div class=\"gmap_canvas\"><iframe loading=\"lazy\" id=\"gmap_canvas\" src=\"https:\/\/maps.google.com\/maps?q=centro%20estudos%20qu%C3%AAs%20e%20porqu%C3%8As&amp;t=&amp;z=15&amp;ie=UTF8&amp;iwloc=&amp;output=embed\" width=\"1024\" height=\"500\" frameborder=\"0\" marginwidth=\"0\" marginheight=\"0\" scrolling=\"no\"><\/iframe><\/div>\r\n<style>.mapouter{position:relative;text-align:right;height:500px;width:1024px;}.gmap_canvas {overflow:hidden;background:none!important;height:500px;width:1024px;}<\/style><\/div>\r\n<\/center>","protected":false},"excerpt":{"rendered":"<p>Contacte-nos Nome:Centro de Estudos &#8211;\u00a0Qu\u00eas &amp; Porqu\u00eas Morada:Travessa do Outeiro, 25 &#8211; r\/c4465-224 S\u00e3o Mamede Infesta E-Mail:queseporques@gmail.com Telefone:229 022 633 Telem\u00f3vel:933 364 960 Localiza\u00e7\u00e3o Qu\u00eas e Porqu\u00eas \u00e9 um Centro de Estudos localizado em S. Mamede de Infesta, mesmo ao lado da Escola EB 2,3 Manuela de S\u00e1 e 100m da Escola\u00a0 Secund\u00e1ria Abel Salazar.<\/p>\n","protected":false},"author":1,"featured_media":0,"parent":0,"menu_order":0,"comment_status":"closed","ping_status":"closed","template":"","meta":{"footnotes":""},"class_list":["post-89","page","type-page","status-publish","hentry"],"_links":{"self":[{"href":"http:\/\/centroestudosqueseporques.pt\/wp\/index.php?rest_route=\/wp\/v2\/pages\/89","targetHints":{"allow":["GET"]}}],"collection":[{"href":"http:\/\/centroestudosqueseporques.pt\/wp\/index.php?rest_route=\/wp\/v2\/pages"}],"about":[{"href":"http:\/\/centroestudosqueseporques.pt\/wp\/index.php?rest_route=\/wp\/v2\/types\/page"}],"author":[{"embeddable":true,"href":"http:\/\/centroestudosqueseporques.pt\/wp\/index.php?rest_route=\/wp\/v2\/users\/1"}],"replies":[{"embeddable":true,"href":"http:\/\/centroestudosqueseporques.pt\/wp\/index.php?rest_route=%2Fwp%2Fv2%2Fcomments&post=89"}],"version-history":[{"count":33,"href":"http:\/\/centroestudosqueseporques.pt\/wp\/index.php?rest_route=\/wp\/v2\/pages\/89\/revisions"}],"predecessor-version":[{"id":358,"href":"http:\/\/centroestudosqueseporques.pt\/wp\/index.php?rest_route=\/wp\/v2\/pages\/89\/revisions\/358"}],"wp:attachment":[{"href":"http:\/\/centroestudosqueseporques.pt\/wp\/index.php?rest_route=%2Fwp%2Fv2%2Fmedia&parent=89"}],"curies":[{"name":"wp","href":"https:\/\/api.w.org\/{rel}","templated":true}]}}