{"id":79,"date":"2019-11-08T17:37:34","date_gmt":"2019-11-08T17:37:34","guid":{"rendered":"http:\/\/centroestudosqueseporques.pt\/wp\/?page_id=79"},"modified":"2021-06-12T20:17:24","modified_gmt":"2021-06-12T20:17:24","slug":"servicos","status":"publish","type":"page","link":"http:\/\/centroestudosqueseporques.pt\/wp\/?page_id=79","title":{"rendered":"Servi\u00e7os"},"content":{"rendered":"\r\n<p class=\"has-medium-font-size\"><strong><font size=\"5\" color=\"black\">Servi\u00e7os e Informa\u00e7\u00f5es<\/font><\/strong><\/p>\r\n\r\n\r\n\r\n<div class=\"wp-block-image\">\r\n<figure class=\"alignleft is-resized\"><img loading=\"lazy\" decoding=\"async\" class=\"alignnone wp-image-218 \" src=\"http:\/\/centroestudosqueseporques.pt\/wp\/wp-content\/uploads\/2021\/06\/20210501_092540-169x300.jpg\" alt=\"\" width=\"257\" height=\"457\" srcset=\"http:\/\/centroestudosqueseporques.pt\/wp\/wp-content\/uploads\/2021\/06\/20210501_092540-169x300.jpg 169w, http:\/\/centroestudosqueseporques.pt\/wp\/wp-content\/uploads\/2021\/06\/20210501_092540-576x1024.jpg 576w, http:\/\/centroestudosqueseporques.pt\/wp\/wp-content\/uploads\/2021\/06\/20210501_092540-768x1365.jpg 768w, http:\/\/centroestudosqueseporques.pt\/wp\/wp-content\/uploads\/2021\/06\/20210501_092540-864x1536.jpg 864w, http:\/\/centroestudosqueseporques.pt\/wp\/wp-content\/uploads\/2021\/06\/20210501_092540-1152x2048.jpg 1152w, http:\/\/centroestudosqueseporques.pt\/wp\/wp-content\/uploads\/2021\/06\/20210501_092540-scaled.jpg 1440w\" sizes=\"auto, (max-width: 257px) 100vw, 257px\" \/><\/figure>\r\n<\/div>\r\n\r\n\r\n\r\n<p><strong>Salas de Estudo<\/strong><\/p>\r\n\r\n\r\n\r\n<p>Nas nossas salas de estudo, para al\u00e9m da realiza\u00e7\u00e3o dos trabalhos para casa,\u00a0faz-se a prepara\u00e7\u00e3o para os testes durante todo o ano letivo.<\/p>\r\n<p>A equipa de professores trabalha diariamente para dotar os alunos de um conjunto de compet\u00eancias que lhes permitam saber estudar (ler, pesquisar, selecionar informa\u00e7\u00e3o, resumir, esquematizar, praticar) de modo a tornarem-se alunos mais aut\u00f3nomos e confiantes.<\/p>\r\n\r\n\r\n\r\n<p>Temos um n\u00famero limitado de alunos, o que faz com que os\u00a0nossos resultados sejam os melhores. De acordo com o perfil\u00a0de cada aluno, \u00e9 elaborado um plano de estudos adaptado ao seu\u00a0ritmo e necessidades, que vai sendo reajustado\u00a0de acordo com a evolu\u00e7\u00e3o das aprendizagens.<\/p>\r\n<p>&nbsp;<\/p>\r\n<p>&nbsp;<\/p>\r\n<p>&nbsp;<\/p>\r\n<p>&nbsp;<\/p>\r\n<p>&nbsp;<\/p>\r\n\r\n\r\n\r\n\r\n\r\n<div class=\"wp-block-image\">\r\n<figure class=\"alignright is-resized\"><img loading=\"lazy\" decoding=\"async\" class=\"wp-image-124\" src=\"http:\/\/centroestudosqueseporques.pt\/wp\/wp-content\/uploads\/2019\/11\/IMG_3774.JPG-e1573258530898-998x1024.jpg\" alt=\"\" width=\"295\" height=\"302\" srcset=\"http:\/\/centroestudosqueseporques.pt\/wp\/wp-content\/uploads\/2019\/11\/IMG_3774.JPG-e1573258530898-998x1024.jpg 998w, http:\/\/centroestudosqueseporques.pt\/wp\/wp-content\/uploads\/2019\/11\/IMG_3774.JPG-e1573258530898-292x300.jpg 292w, http:\/\/centroestudosqueseporques.pt\/wp\/wp-content\/uploads\/2019\/11\/IMG_3774.JPG-e1573258530898-768x788.jpg 768w\" sizes=\"auto, (max-width: 295px) 100vw, 295px\" \/><\/figure>\r\n<\/div>\r\n\r\n\r\n\r\n<p style=\"text-align: right;\"><strong>Explica\u00e7\u00f5es Individuais ou em Pequenos Grupos<\/strong><\/p>\r\n\r\n\r\n\r\n<p style=\"text-align: right;\">Visam dar resposta \u00e0s dificuldades mais espec\u00edficas de cada\u00a0aluno e est\u00e3o a cargo de professores experientes e\u00a0especializados na disciplina pretendida.<\/p>\r\n\r\n\r\n\r\n<div class=\"wp-block-spacer\" style=\"height: 239px;\" aria-hidden=\"true\">\u00a0<\/div>\r\n<div aria-hidden=\"true\">\u00a0<\/div>\r\n\r\n\r\n\r\n<div class=\"wp-block-image\">\r\n<figure class=\"alignleft is-resized\"><img loading=\"lazy\" decoding=\"async\" class=\"wp-image-146\" src=\"http:\/\/centroestudosqueseporques.pt\/wp\/wp-content\/uploads\/2019\/11\/IMG_3772.JPG-1024x683.jpg\" alt=\"\" width=\"297\" height=\"197\" srcset=\"http:\/\/centroestudosqueseporques.pt\/wp\/wp-content\/uploads\/2019\/11\/IMG_3772.JPG-1024x683.jpg 1024w, http:\/\/centroestudosqueseporques.pt\/wp\/wp-content\/uploads\/2019\/11\/IMG_3772.JPG-300x200.jpg 300w, http:\/\/centroestudosqueseporques.pt\/wp\/wp-content\/uploads\/2019\/11\/IMG_3772.JPG-768x512.jpg 768w\" sizes=\"auto, (max-width: 297px) 100vw, 297px\" \/><\/figure>\r\n<\/div>\r\n\r\n\r\n\r\n<p><strong>Prepara\u00e7\u00e3o para Testes Interm\u00e9dios, provas de Aferi\u00e7\u00e3o e<\/strong><strong>\u00a0<\/strong><strong>Provas Finais<\/strong><\/p>\r\n\r\n\r\n\r\n<p>Estudo mais intensivo e direcionado para cada teste \/ prova de\u00a0modo a atingir os melhores resultados.<\/p>\r\n<p>Todos os alunos que frequentam a sala de estudo usufruem deste servi\u00e7o.<\/p>\r\n<p>&nbsp;<\/p>\r\n<p>&nbsp;<\/p>\r\n\r\n\r\n\r\n\r\n\r\n<div class=\"wp-block-image\">\r\n<figure class=\"alignright is-resized\">\r\n<p><img loading=\"lazy\" decoding=\"async\" class=\"alignnone wp-image-220 size-medium\" src=\"http:\/\/centroestudosqueseporques.pt\/wp\/wp-content\/uploads\/2021\/06\/vila-beatriz-045-300x225.jpg\" alt=\"Atividade Vila Beatriz\" width=\"300\" height=\"225\" srcset=\"http:\/\/centroestudosqueseporques.pt\/wp\/wp-content\/uploads\/2021\/06\/vila-beatriz-045-300x225.jpg 300w, http:\/\/centroestudosqueseporques.pt\/wp\/wp-content\/uploads\/2021\/06\/vila-beatriz-045-1024x768.jpg 1024w, http:\/\/centroestudosqueseporques.pt\/wp\/wp-content\/uploads\/2021\/06\/vila-beatriz-045-768x576.jpg 768w, http:\/\/centroestudosqueseporques.pt\/wp\/wp-content\/uploads\/2021\/06\/vila-beatriz-045-1536x1152.jpg 1536w, http:\/\/centroestudosqueseporques.pt\/wp\/wp-content\/uploads\/2021\/06\/vila-beatriz-045-2048x1536.jpg 2048w\" sizes=\"auto, (max-width: 300px) 100vw, 300px\" \/><\/p>\r\n<\/figure>\r\n<\/div>\r\n\r\n\r\n\r\n<p style=\"text-align: right;\"><strong>Atividades para as F\u00e9rias Escolares<\/strong><\/p>\r\n\r\n\r\n\r\n<p style=\"text-align: right;\">Durante as f\u00e9rias escolares, promovemos atividades de refor\u00e7o de aprendizagens, atividades l\u00fadicas, como por exemplo: praia, piscina, futebol, express\u00e3o pl\u00e1stica, jogos tradicionais, cinema, jogos de tabuleiro, laborat\u00f3rio aberto, ci\u00eancia divertida, hora do conto e oficinas de criatividade.<\/p>\r\n\r\n\r\n\r\n\r\n","protected":false},"excerpt":{"rendered":"<p>Servi\u00e7os e Informa\u00e7\u00f5es Salas de Estudo Nas nossas salas de estudo, para al\u00e9m da realiza\u00e7\u00e3o dos trabalhos para casa,\u00a0faz-se a prepara\u00e7\u00e3o para os testes durante todo o ano letivo. A equipa de professores trabalha diariamente para dotar os alunos de um conjunto de compet\u00eancias que lhes permitam saber estudar (ler, pesquisar, selecionar informa\u00e7\u00e3o, resumir, esquematizar, [&hellip;]<\/p>\n","protected":false},"author":1,"featured_media":0,"parent":0,"menu_order":0,"comment_status":"closed","ping_status":"closed","template":"","meta":{"footnotes":""},"class_list":["post-79","page","type-page","status-publish","hentry"],"_links":{"self":[{"href":"http:\/\/centroestudosqueseporques.pt\/wp\/index.php?rest_route=\/wp\/v2\/pages\/79","targetHints":{"allow":["GET"]}}],"collection":[{"href":"http:\/\/centroestudosqueseporques.pt\/wp\/index.php?rest_route=\/wp\/v2\/pages"}],"about":[{"href":"http:\/\/centroestudosqueseporques.pt\/wp\/index.php?rest_route=\/wp\/v2\/types\/page"}],"author":[{"embeddable":true,"href":"http:\/\/centroestudosqueseporques.pt\/wp\/index.php?rest_route=\/wp\/v2\/users\/1"}],"replies":[{"embeddable":true,"href":"http:\/\/centroestudosqueseporques.pt\/wp\/index.php?rest_route=%2Fwp%2Fv2%2Fcomments&post=79"}],"version-history":[{"count":46,"href":"http:\/\/centroestudosqueseporques.pt\/wp\/index.php?rest_route=\/wp\/v2\/pages\/79\/revisions"}],"predecessor-version":[{"id":225,"href":"http:\/\/centroestudosqueseporques.pt\/wp\/index.php?rest_route=\/wp\/v2\/pages\/79\/revisions\/225"}],"wp:attachment":[{"href":"http:\/\/centroestudosqueseporques.pt\/wp\/index.php?rest_route=%2Fwp%2Fv2%2Fmedia&parent=79"}],"curies":[{"name":"wp","href":"https:\/\/api.w.org\/{rel}","templated":true}]}}