{"id":77,"date":"2019-11-08T17:37:45","date_gmt":"2019-11-08T17:37:45","guid":{"rendered":"http:\/\/centroestudosqueseporques.pt\/wp\/?page_id=77"},"modified":"2021-06-12T20:17:43","modified_gmt":"2021-06-12T20:17:43","slug":"sobre","status":"publish","type":"page","link":"http:\/\/centroestudosqueseporques.pt\/wp\/?page_id=77","title":{"rendered":"Sobre &#8230;"},"content":{"rendered":"\r\n<p class=\"has-medium-font-size\"><strong><font size=\"5\" color=\"black\">&#8230; o Centro de Estudos Qu\u00eas e Porqu\u00eas<\/font><\/strong><\/p>\r\n\r\n\r\n\r\n<div class=\"wp-block-image\"><figure class=\"alignleft is-resized\"><img loading=\"lazy\" decoding=\"async\" src=\"http:\/\/centroestudosqueseporques.pt\/wp\/wp-content\/uploads\/2019\/11\/IMG_3791.JPG-e1573256442103-683x1024.jpg\" alt=\"\" class=\"wp-image-100\" width=\"233\" height=\"349\" srcset=\"http:\/\/centroestudosqueseporques.pt\/wp\/wp-content\/uploads\/2019\/11\/IMG_3791.JPG-e1573256442103-683x1024.jpg 683w, http:\/\/centroestudosqueseporques.pt\/wp\/wp-content\/uploads\/2019\/11\/IMG_3791.JPG-e1573256442103-200x300.jpg 200w, http:\/\/centroestudosqueseporques.pt\/wp\/wp-content\/uploads\/2019\/11\/IMG_3791.JPG-e1573256442103-768x1152.jpg 768w\" sizes=\"auto, (max-width: 233px) 100vw, 233px\" \/><figcaption><br><\/figcaption><\/figure><\/div>\r\n\r\n\r\n\r\n<p>O <em><strong>Centro de Estudos Qu\u00eas E Porqu\u00eas<\/strong><\/em> presta servi\u00e7os de apoio pedag\u00f3gico na atividade escolar de&nbsp;alunos do ensino b\u00e1sico e secund\u00e1rio, individualmente ou em grupo, respeitando sempre as especificidades e os ritmos&nbsp;pr\u00f3prios de cada um.&nbsp;<\/p>\r\n\r\n\r\n\r\n<p>Possu\u00edmos uma equipa multidisciplinar constitu\u00edda por professores experientes e&nbsp; profissionalizados que, em conjunto, procuram dar&nbsp;uma resposta integrada \u00e0s necessidades de cada aluno.\u200b<\/p>\r\n\r\n\r\n\r\n<p>Temos como objetivo ajudar os alunos a&nbsp;alcan\u00e7ar sucesso escolar desenvolvendo atitudes positivas face \u00e0&nbsp;escola e ao estudo.<\/p>\r\n","protected":false},"excerpt":{"rendered":"<p>&#8230; o Centro de Estudos Qu\u00eas e Porqu\u00eas O Centro de Estudos Qu\u00eas E Porqu\u00eas presta servi\u00e7os de apoio pedag\u00f3gico na atividade escolar de&nbsp;alunos do ensino b\u00e1sico e secund\u00e1rio, individualmente ou em grupo, respeitando sempre as especificidades e os ritmos&nbsp;pr\u00f3prios de cada um.&nbsp; Possu\u00edmos uma equipa multidisciplinar constitu\u00edda por professores experientes e&nbsp; profissionalizados que, em [&hellip;]<\/p>\n","protected":false},"author":1,"featured_media":108,"parent":0,"menu_order":0,"comment_status":"closed","ping_status":"closed","template":"","meta":{"footnotes":""},"class_list":["post-77","page","type-page","status-publish","has-post-thumbnail","hentry"],"_links":{"self":[{"href":"http:\/\/centroestudosqueseporques.pt\/wp\/index.php?rest_route=\/wp\/v2\/pages\/77","targetHints":{"allow":["GET"]}}],"collection":[{"href":"http:\/\/centroestudosqueseporques.pt\/wp\/index.php?rest_route=\/wp\/v2\/pages"}],"about":[{"href":"http:\/\/centroestudosqueseporques.pt\/wp\/index.php?rest_route=\/wp\/v2\/types\/page"}],"author":[{"embeddable":true,"href":"http:\/\/centroestudosqueseporques.pt\/wp\/index.php?rest_route=\/wp\/v2\/users\/1"}],"replies":[{"embeddable":true,"href":"http:\/\/centroestudosqueseporques.pt\/wp\/index.php?rest_route=%2Fwp%2Fv2%2Fcomments&post=77"}],"version-history":[{"count":15,"href":"http:\/\/centroestudosqueseporques.pt\/wp\/index.php?rest_route=\/wp\/v2\/pages\/77\/revisions"}],"predecessor-version":[{"id":226,"href":"http:\/\/centroestudosqueseporques.pt\/wp\/index.php?rest_route=\/wp\/v2\/pages\/77\/revisions\/226"}],"wp:featuredmedia":[{"embeddable":true,"href":"http:\/\/centroestudosqueseporques.pt\/wp\/index.php?rest_route=\/wp\/v2\/media\/108"}],"wp:attachment":[{"href":"http:\/\/centroestudosqueseporques.pt\/wp\/index.php?rest_route=%2Fwp%2Fv2%2Fmedia&parent=77"}],"curies":[{"name":"wp","href":"https:\/\/api.w.org\/{rel}","templated":true}]}}